{"id":11695,"date":"2022-07-14T11:21:57","date_gmt":"2022-07-14T09:21:57","guid":{"rendered":"https:\/\/artestruttura.it\/?post_type=product&#038;p=11695"},"modified":"2022-12-28T21:02:56","modified_gmt":"2022-12-28T19:02:56","slug":"artisti-italiani-contemporanei-a-stoccarda-2015","status":"publish","type":"product","link":"https:\/\/artestruttura.it\/en\/product\/artisti-italiani-contemporanei-a-stoccarda-2015\/","title":{"rendered":"&#8220;ARTISTI ITALIANI CONTEMPORANEI A STOCCARDA&#8221; | 2015"},"content":{"rendered":"","protected":false},"excerpt":{"rendered":"<p>Plastic art and painting compared in an evocative overview of works ranging from figurative to abstract, from informal to conceptual. The Mediterranean colours of thirty-six Italian artists who interpret the complexity of contemporary reality burst into the \"home\" city of the automobile. The volume is a compendium of works and critical-biographical notes. Editorial coordination by Sonia Paolone, German translations by Martin Miller. Cover artwork by Alda B\u00f2scaro.<\/p>\n<p class=\"translation-block\">For more information, you can visit the event page <a href=\"https:\/\/artestruttura.it\/en\/artisti-italiani-contemporanei-a-stoccarda-2\/\" target=\"_blank\" rel=\"noopener\"><strong>\u201cContemporary Italian Artists in Stuttgart | 2015\u201d<\/strong><\/a>.<\/p>","protected":false},"featured_media":11663,"template":"","meta":{"site-sidebar-layout":"no-sidebar","site-content-layout":"page-builder","ast-site-content-layout":"default","site-content-style":"default","site-sidebar-style":"default","ast-global-header-display":"","ast-banner-title-visibility":"","ast-main-header-display":"","ast-hfb-above-header-display":"","ast-hfb-below-header-display":"","ast-hfb-mobile-header-display":"","site-post-title":"","ast-breadcrumbs-content":"","ast-featured-img":"","footer-sml-layout":"","ast-disable-related-posts":"","theme-transparent-header-meta":"default","adv-header-id-meta":"","stick-header-meta":"","header-above-stick-meta":"","header-main-stick-meta":"","header-below-stick-meta":"","astra-migrate-meta-layouts":"default","ast-page-background-enabled":"default","ast-page-background-meta":{"desktop":{"background-color":"var(--ast-global-color-4)","background-image":"","background-repeat":"repeat","background-position":"center center","background-size":"auto","background-attachment":"scroll","background-type":"","background-media":"","overlay-type":"","overlay-color":"","overlay-opacity":"","overlay-gradient":""},"tablet":{"background-color":"","background-image":"","background-repeat":"repeat","background-position":"center center","background-size":"auto","background-attachment":"scroll","background-type":"","background-media":"","overlay-type":"","overlay-color":"","overlay-opacity":"","overlay-gradient":""},"mobile":{"background-color":"","background-image":"","background-repeat":"repeat","background-position":"center center","background-size":"auto","background-attachment":"scroll","background-type":"","background-media":"","overlay-type":"","overlay-color":"","overlay-opacity":"","overlay-gradient":""}},"ast-content-background-meta":{"desktop":{"background-color":"var(--ast-global-color-5)","background-image":"","background-repeat":"repeat","background-position":"center center","background-size":"auto","background-attachment":"scroll","background-type":"","background-media":"","overlay-type":"","overlay-color":"","overlay-opacity":"","overlay-gradient":""},"tablet":{"background-color":"var(--ast-global-color-5)","background-image":"","background-repeat":"repeat","background-position":"center center","background-size":"auto","background-attachment":"scroll","background-type":"","background-media":"","overlay-type":"","overlay-color":"","overlay-opacity":"","overlay-gradient":""},"mobile":{"background-color":"var(--ast-global-color-5)","background-image":"","background-repeat":"repeat","background-position":"center center","background-size":"auto","background-attachment":"scroll","background-type":"","background-media":"","overlay-type":"","overlay-color":"","overlay-opacity":"","overlay-gradient":""}}},"product_brand":[],"product_cat":[51],"product_tag":[],"class_list":{"0":"post-11695","1":"product","2":"type-product","3":"status-publish","4":"has-post-thumbnail","6":"product_cat-cataloghi-darte-4","7":"desktop-align-left","8":"tablet-align-left","9":"mobile-align-left","11":"first","12":"instock","13":"taxable","14":"shipping-taxable","15":"purchasable","16":"product-type-simple"},"yoast_head":"<!-- This site is optimized with the Yoast SEO plugin v27.4 - https:\/\/yoast.com\/product\/yoast-seo-wordpress\/ -->\n<title>&quot;ARTISTI ITALIANI CONTEMPORANEI A STOCCARDA&quot; | 2015 | Artestruttura<\/title>\n<meta name=\"robots\" content=\"noindex, follow\" \/>\n<meta property=\"og:locale\" content=\"en_GB\" \/>\n<meta property=\"og:type\" content=\"article\" \/>\n<meta property=\"og:title\" content=\"&quot;ARTISTI ITALIANI CONTEMPORANEI A STOCCARDA&quot; | 2015 | Artestruttura\" \/>\n<meta property=\"og:description\" content=\"Arte plastica e pittura a confronto in una suggestiva carrellata di opere che spaziano dal figurativo all\u2019astratto, dall\u2019informale al concettuale. Nella citt\u00e0 \u201cpatria\u201d dell\u2019automobile irrompono i colori mediterranei di trentasei artisti italiani che interpretano la complessit\u00e0 della realt\u00e0 contemporanea. Il volume \u00e8 un raccoglitore di opere e di note critico-biografiche. Coordinamento editoriale di Sonia Paolone, traduzioni in tedesco a cura di Martin Miller. In copertina opera di\u00a0Alda B\u00f2scaro.  Per maggiori informazioni, \u00e8 possibile visitare la pagina dell&#039;evento &quot;Artisti Italiani Contemporanei a Stoccarda | 2015&quot;.\" \/>\n<meta property=\"og:url\" content=\"https:\/\/artestruttura.it\/en\/product\/artisti-italiani-contemporanei-a-stoccarda-2015\/\" \/>\n<meta property=\"og:site_name\" content=\"Artestruttura\" \/>\n<meta property=\"article:publisher\" content=\"https:\/\/www.facebook.com\/Artestruttura\" \/>\n<meta property=\"article:modified_time\" content=\"2022-12-28T19:02:56+00:00\" \/>\n<meta property=\"og:image\" content=\"https:\/\/artestruttura.it\/wp-content\/uploads\/2022\/07\/artisti-italiani-contemporanei-a-stoccarda-2015-negozio.jpg\" \/>\n\t<meta property=\"og:image:width\" content=\"800\" \/>\n\t<meta property=\"og:image:height\" content=\"800\" \/>\n\t<meta property=\"og:image:type\" content=\"image\/jpeg\" \/>\n<meta name=\"twitter:card\" content=\"summary_large_image\" \/>\n<script type=\"application\/ld+json\" class=\"yoast-schema-graph\">{\"@context\":\"https:\\\/\\\/schema.org\",\"@graph\":[{\"@type\":\"WebPage\",\"@id\":\"https:\\\/\\\/artestruttura.it\\\/prodotto\\\/artisti-italiani-contemporanei-a-stoccarda-2015\\\/\",\"url\":\"https:\\\/\\\/artestruttura.it\\\/prodotto\\\/artisti-italiani-contemporanei-a-stoccarda-2015\\\/\",\"name\":\"\\\"ARTISTI ITALIANI CONTEMPORANEI A STOCCARDA\\\" | 2015 | Artestruttura\",\"isPartOf\":{\"@id\":\"https:\\\/\\\/artestruttura.it\\\/#website\"},\"primaryImageOfPage\":{\"@id\":\"https:\\\/\\\/artestruttura.it\\\/prodotto\\\/artisti-italiani-contemporanei-a-stoccarda-2015\\\/#primaryimage\"},\"image\":{\"@id\":\"https:\\\/\\\/artestruttura.it\\\/prodotto\\\/artisti-italiani-contemporanei-a-stoccarda-2015\\\/#primaryimage\"},\"thumbnailUrl\":\"https:\\\/\\\/artestruttura.it\\\/wp-content\\\/uploads\\\/2022\\\/07\\\/artisti-italiani-contemporanei-a-stoccarda-2015-negozio.jpg\",\"datePublished\":\"2022-07-14T09:21:57+00:00\",\"dateModified\":\"2022-12-28T19:02:56+00:00\",\"breadcrumb\":{\"@id\":\"https:\\\/\\\/artestruttura.it\\\/prodotto\\\/artisti-italiani-contemporanei-a-stoccarda-2015\\\/#breadcrumb\"},\"inLanguage\":\"en-GB\",\"potentialAction\":[{\"@type\":\"ReadAction\",\"target\":[\"https:\\\/\\\/artestruttura.it\\\/prodotto\\\/artisti-italiani-contemporanei-a-stoccarda-2015\\\/\"]}]},{\"@type\":\"ImageObject\",\"inLanguage\":\"en-GB\",\"@id\":\"https:\\\/\\\/artestruttura.it\\\/prodotto\\\/artisti-italiani-contemporanei-a-stoccarda-2015\\\/#primaryimage\",\"url\":\"https:\\\/\\\/artestruttura.it\\\/wp-content\\\/uploads\\\/2022\\\/07\\\/artisti-italiani-contemporanei-a-stoccarda-2015-negozio.jpg\",\"contentUrl\":\"https:\\\/\\\/artestruttura.it\\\/wp-content\\\/uploads\\\/2022\\\/07\\\/artisti-italiani-contemporanei-a-stoccarda-2015-negozio.jpg\",\"width\":800,\"height\":800,\"caption\":\"Artisti italiani contemporanei a Stoccarda 2015 negozio\"},{\"@type\":\"BreadcrumbList\",\"@id\":\"https:\\\/\\\/artestruttura.it\\\/prodotto\\\/artisti-italiani-contemporanei-a-stoccarda-2015\\\/#breadcrumb\",\"itemListElement\":[{\"@type\":\"ListItem\",\"position\":1,\"name\":\"Home\",\"item\":\"https:\\\/\\\/artestruttura.it\\\/\"},{\"@type\":\"ListItem\",\"position\":2,\"name\":\"NEGOZIO\",\"item\":\"https:\\\/\\\/artestruttura.it\\\/negozio\\\/\"},{\"@type\":\"ListItem\",\"position\":3,\"name\":\"&#8220;ARTISTI ITALIANI CONTEMPORANEI A STOCCARDA&#8221; | 2015\"}]},{\"@type\":\"WebSite\",\"@id\":\"https:\\\/\\\/artestruttura.it\\\/#website\",\"url\":\"https:\\\/\\\/artestruttura.it\\\/\",\"name\":\"Artestruttura\",\"description\":\"servizi per l&#039;arte\",\"publisher\":{\"@id\":\"https:\\\/\\\/artestruttura.it\\\/#organization\"},\"potentialAction\":[{\"@type\":\"SearchAction\",\"target\":{\"@type\":\"EntryPoint\",\"urlTemplate\":\"https:\\\/\\\/artestruttura.it\\\/?s={search_term_string}\"},\"query-input\":{\"@type\":\"PropertyValueSpecification\",\"valueRequired\":true,\"valueName\":\"search_term_string\"}}],\"inLanguage\":\"en-GB\"},{\"@type\":\"Organization\",\"@id\":\"https:\\\/\\\/artestruttura.it\\\/#organization\",\"name\":\"Artestruttura\",\"url\":\"https:\\\/\\\/artestruttura.it\\\/\",\"logo\":{\"@type\":\"ImageObject\",\"inLanguage\":\"en-GB\",\"@id\":\"https:\\\/\\\/artestruttura.it\\\/#\\\/schema\\\/logo\\\/image\\\/\",\"url\":\"https:\\\/\\\/artestruttura.it\\\/wp-content\\\/uploads\\\/2021\\\/11\\\/logo-Artestruttura.png\",\"contentUrl\":\"https:\\\/\\\/artestruttura.it\\\/wp-content\\\/uploads\\\/2021\\\/11\\\/logo-Artestruttura.png\",\"width\":800,\"height\":800,\"caption\":\"Artestruttura\"},\"image\":{\"@id\":\"https:\\\/\\\/artestruttura.it\\\/#\\\/schema\\\/logo\\\/image\\\/\"},\"sameAs\":[\"https:\\\/\\\/www.facebook.com\\\/Artestruttura\",\"https:\\\/\\\/www.instagram.com\\\/artestruttura\",\"https:\\\/\\\/www.linkedin.com\\\/company\\\/artestruttura\"]}]}<\/script>\n<!-- \/ Yoast SEO plugin. -->","yoast_head_json":{"title":"\"ARTISTI ITALIANI CONTEMPORANEI A STOCCARDA\" | 2015 | Artestruttura","robots":{"index":"noindex","follow":"follow"},"og_locale":"en_GB","og_type":"article","og_title":"\"ARTISTI ITALIANI CONTEMPORANEI A STOCCARDA\" | 2015 | Artestruttura","og_description":"Arte plastica e pittura a confronto in una suggestiva carrellata di opere che spaziano dal figurativo all\u2019astratto, dall\u2019informale al concettuale. Nella citt\u00e0 \u201cpatria\u201d dell\u2019automobile irrompono i colori mediterranei di trentasei artisti italiani che interpretano la complessit\u00e0 della realt\u00e0 contemporanea. Il volume \u00e8 un raccoglitore di opere e di note critico-biografiche. Coordinamento editoriale di Sonia Paolone, traduzioni in tedesco a cura di Martin Miller. In copertina opera di\u00a0Alda B\u00f2scaro.  Per maggiori informazioni, \u00e8 possibile visitare la pagina dell'evento \"Artisti Italiani Contemporanei a Stoccarda | 2015\".","og_url":"https:\/\/artestruttura.it\/en\/product\/artisti-italiani-contemporanei-a-stoccarda-2015\/","og_site_name":"Artestruttura","article_publisher":"https:\/\/www.facebook.com\/Artestruttura","article_modified_time":"2022-12-28T19:02:56+00:00","og_image":[{"width":800,"height":800,"url":"https:\/\/artestruttura.it\/wp-content\/uploads\/2022\/07\/artisti-italiani-contemporanei-a-stoccarda-2015-negozio.jpg","type":"image\/jpeg"}],"twitter_card":"summary_large_image","schema":{"@context":"https:\/\/schema.org","@graph":[{"@type":"WebPage","@id":"https:\/\/artestruttura.it\/prodotto\/artisti-italiani-contemporanei-a-stoccarda-2015\/","url":"https:\/\/artestruttura.it\/prodotto\/artisti-italiani-contemporanei-a-stoccarda-2015\/","name":"\"ARTISTI ITALIANI CONTEMPORANEI A STOCCARDA\" | 2015 | Artestruttura","isPartOf":{"@id":"https:\/\/artestruttura.it\/#website"},"primaryImageOfPage":{"@id":"https:\/\/artestruttura.it\/prodotto\/artisti-italiani-contemporanei-a-stoccarda-2015\/#primaryimage"},"image":{"@id":"https:\/\/artestruttura.it\/prodotto\/artisti-italiani-contemporanei-a-stoccarda-2015\/#primaryimage"},"thumbnailUrl":"https:\/\/artestruttura.it\/wp-content\/uploads\/2022\/07\/artisti-italiani-contemporanei-a-stoccarda-2015-negozio.jpg","datePublished":"2022-07-14T09:21:57+00:00","dateModified":"2022-12-28T19:02:56+00:00","breadcrumb":{"@id":"https:\/\/artestruttura.it\/prodotto\/artisti-italiani-contemporanei-a-stoccarda-2015\/#breadcrumb"},"inLanguage":"en-GB","potentialAction":[{"@type":"ReadAction","target":["https:\/\/artestruttura.it\/prodotto\/artisti-italiani-contemporanei-a-stoccarda-2015\/"]}]},{"@type":"ImageObject","inLanguage":"en-GB","@id":"https:\/\/artestruttura.it\/prodotto\/artisti-italiani-contemporanei-a-stoccarda-2015\/#primaryimage","url":"https:\/\/artestruttura.it\/wp-content\/uploads\/2022\/07\/artisti-italiani-contemporanei-a-stoccarda-2015-negozio.jpg","contentUrl":"https:\/\/artestruttura.it\/wp-content\/uploads\/2022\/07\/artisti-italiani-contemporanei-a-stoccarda-2015-negozio.jpg","width":800,"height":800,"caption":"Artisti italiani contemporanei a Stoccarda 2015 negozio"},{"@type":"BreadcrumbList","@id":"https:\/\/artestruttura.it\/prodotto\/artisti-italiani-contemporanei-a-stoccarda-2015\/#breadcrumb","itemListElement":[{"@type":"ListItem","position":1,"name":"Home","item":"https:\/\/artestruttura.it\/"},{"@type":"ListItem","position":2,"name":"NEGOZIO","item":"https:\/\/artestruttura.it\/negozio\/"},{"@type":"ListItem","position":3,"name":"&#8220;ARTISTI ITALIANI CONTEMPORANEI A STOCCARDA&#8221; | 2015"}]},{"@type":"WebSite","@id":"https:\/\/artestruttura.it\/#website","url":"https:\/\/artestruttura.it\/","name":"Artestruttura","description":"servizi per l&#039;arte","publisher":{"@id":"https:\/\/artestruttura.it\/#organization"},"potentialAction":[{"@type":"SearchAction","target":{"@type":"EntryPoint","urlTemplate":"https:\/\/artestruttura.it\/?s={search_term_string}"},"query-input":{"@type":"PropertyValueSpecification","valueRequired":true,"valueName":"search_term_string"}}],"inLanguage":"en-GB"},{"@type":"Organization","@id":"https:\/\/artestruttura.it\/#organization","name":"Artestruttura","url":"https:\/\/artestruttura.it\/","logo":{"@type":"ImageObject","inLanguage":"en-GB","@id":"https:\/\/artestruttura.it\/#\/schema\/logo\/image\/","url":"https:\/\/artestruttura.it\/wp-content\/uploads\/2021\/11\/logo-Artestruttura.png","contentUrl":"https:\/\/artestruttura.it\/wp-content\/uploads\/2021\/11\/logo-Artestruttura.png","width":800,"height":800,"caption":"Artestruttura"},"image":{"@id":"https:\/\/artestruttura.it\/#\/schema\/logo\/image\/"},"sameAs":["https:\/\/www.facebook.com\/Artestruttura","https:\/\/www.instagram.com\/artestruttura","https:\/\/www.linkedin.com\/company\/artestruttura"]}]}},"_links":{"self":[{"href":"https:\/\/artestruttura.it\/en\/wp-json\/wp\/v2\/product\/11695","targetHints":{"allow":["GET"]}}],"collection":[{"href":"https:\/\/artestruttura.it\/en\/wp-json\/wp\/v2\/product"}],"about":[{"href":"https:\/\/artestruttura.it\/en\/wp-json\/wp\/v2\/types\/product"}],"wp:featuredmedia":[{"embeddable":true,"href":"https:\/\/artestruttura.it\/en\/wp-json\/wp\/v2\/media\/11663"}],"wp:attachment":[{"href":"https:\/\/artestruttura.it\/en\/wp-json\/wp\/v2\/media?parent=11695"}],"wp:term":[{"taxonomy":"product_brand","embeddable":true,"href":"https:\/\/artestruttura.it\/en\/wp-json\/wp\/v2\/product_brand?post=11695"},{"taxonomy":"product_cat","embeddable":true,"href":"https:\/\/artestruttura.it\/en\/wp-json\/wp\/v2\/product_cat?post=11695"},{"taxonomy":"product_tag","embeddable":true,"href":"https:\/\/artestruttura.it\/en\/wp-json\/wp\/v2\/product_tag?post=11695"}],"curies":[{"name":"wp","href":"https:\/\/api.w.org\/{rel}","templated":true}]}}