{"id":11698,"date":"2022-07-14T11:28:59","date_gmt":"2022-07-14T09:28:59","guid":{"rendered":"https:\/\/artestruttura.it\/?post_type=product&#038;p=11698"},"modified":"2022-12-28T21:00:30","modified_gmt":"2022-12-28T19:00:30","slug":"buenos-aires-art","status":"publish","type":"product","link":"https:\/\/artestruttura.it\/en\/product\/buenos-aires-art\/","title":{"rendered":"&#8220;BUENOS AIRES ART&#8221;"},"content":{"rendered":"","protected":false},"excerpt":{"rendered":"<p>The \"Buenos Aires Art\" catalogue collects the works and biographies of forty artists, who present themselves as a great laboratory of reality, interpreted by personalities intent on giving shape and colour to their own restlessness and existential questions. The book refers to the exhibition event of the same name, which took place at the Italian Cultural Institute in the Argentine capital. Editorial coordination by Sonia Paolone, introductory text by Vito Sutto, Spanish translations by Alicia Mannucci, Maria Jord\u00e0 and Dora Pentimalli. Cover artwork by Adriano Bolzan.<\/p>\n<p class=\"translation-block\">For more information, you can visit the event page <a href=\"https:\/\/artestruttura.it\/en\/buenos-aires-art\/\" target=\"_blank\" rel=\"noopener\"><strong>\u201cBuenos Aires Art\u201d<\/strong><\/a>.<\/p>","protected":false},"featured_media":11671,"template":"","meta":{"site-sidebar-layout":"no-sidebar","site-content-layout":"page-builder","ast-site-content-layout":"default","site-content-style":"default","site-sidebar-style":"default","ast-global-header-display":"","ast-banner-title-visibility":"","ast-main-header-display":"","ast-hfb-above-header-display":"","ast-hfb-below-header-display":"","ast-hfb-mobile-header-display":"","site-post-title":"","ast-breadcrumbs-content":"","ast-featured-img":"","footer-sml-layout":"","ast-disable-related-posts":"","theme-transparent-header-meta":"default","adv-header-id-meta":"","stick-header-meta":"","header-above-stick-meta":"","header-main-stick-meta":"","header-below-stick-meta":"","astra-migrate-meta-layouts":"default","ast-page-background-enabled":"default","ast-page-background-meta":{"desktop":{"background-color":"var(--ast-global-color-4)","background-image":"","background-repeat":"repeat","background-position":"center center","background-size":"auto","background-attachment":"scroll","background-type":"","background-media":"","overlay-type":"","overlay-color":"","overlay-opacity":"","overlay-gradient":""},"tablet":{"background-color":"","background-image":"","background-repeat":"repeat","background-position":"center center","background-size":"auto","background-attachment":"scroll","background-type":"","background-media":"","overlay-type":"","overlay-color":"","overlay-opacity":"","overlay-gradient":""},"mobile":{"background-color":"","background-image":"","background-repeat":"repeat","background-position":"center center","background-size":"auto","background-attachment":"scroll","background-type":"","background-media":"","overlay-type":"","overlay-color":"","overlay-opacity":"","overlay-gradient":""}},"ast-content-background-meta":{"desktop":{"background-color":"var(--ast-global-color-5)","background-image":"","background-repeat":"repeat","background-position":"center center","background-size":"auto","background-attachment":"scroll","background-type":"","background-media":"","overlay-type":"","overlay-color":"","overlay-opacity":"","overlay-gradient":""},"tablet":{"background-color":"var(--ast-global-color-5)","background-image":"","background-repeat":"repeat","background-position":"center center","background-size":"auto","background-attachment":"scroll","background-type":"","background-media":"","overlay-type":"","overlay-color":"","overlay-opacity":"","overlay-gradient":""},"mobile":{"background-color":"var(--ast-global-color-5)","background-image":"","background-repeat":"repeat","background-position":"center center","background-size":"auto","background-attachment":"scroll","background-type":"","background-media":"","overlay-type":"","overlay-color":"","overlay-opacity":"","overlay-gradient":""}}},"product_brand":[],"product_cat":[52],"product_tag":[],"class_list":{"0":"post-11698","1":"product","2":"type-product","3":"status-publish","4":"has-post-thumbnail","6":"product_cat-cataloghi-darte-5","7":"desktop-align-left","8":"tablet-align-left","9":"mobile-align-left","11":"first","12":"instock","13":"taxable","14":"shipping-taxable","15":"purchasable","16":"product-type-simple"},"yoast_head":"<!-- This site is optimized with the Yoast SEO plugin v27.3 - https:\/\/yoast.com\/product\/yoast-seo-wordpress\/ -->\n<title>&quot;BUENOS AIRES ART&quot; | Artestruttura<\/title>\n<meta name=\"robots\" content=\"noindex, follow\" \/>\n<meta property=\"og:locale\" content=\"en_GB\" \/>\n<meta property=\"og:type\" content=\"article\" \/>\n<meta property=\"og:title\" content=\"&quot;BUENOS AIRES ART&quot; | Artestruttura\" \/>\n<meta property=\"og:description\" content=\"Il catalogo &quot;Buenos Aires Art&quot; raccoglie le opere e le biografie di quaranta artisti, che si propongono come un grande laboratorio della realt\u00e0, interpretata da personalit\u00e0 intente a dar forma e colore alle proprie inquietudini e ai propri interrogativi esistenziali. Il libro \u00e8 riferito all&#039;omonimo evento espositivo, che ha avuto luogo presso l&#039;Istituto Italiano di Cultura della capitale argentina. Coordinamento editoriale di Sonia Paolone, testo introduttivo di Vito Sutto, traduzioni in spagnolo a cura di Alicia Mannucci, Maria Jord\u00e0 e Dora Pentimalli. In copertina opera di\u00a0Adriano Bolzan.  Per maggiori informazioni, \u00e8 possibile visitare la pagina dell&#039;evento &quot;Buenos Aires Art&quot;.\" \/>\n<meta property=\"og:url\" content=\"https:\/\/artestruttura.it\/en\/product\/buenos-aires-art\/\" \/>\n<meta property=\"og:site_name\" content=\"Artestruttura\" \/>\n<meta property=\"article:publisher\" content=\"https:\/\/www.facebook.com\/Artestruttura\" \/>\n<meta property=\"article:modified_time\" content=\"2022-12-28T19:00:30+00:00\" \/>\n<meta property=\"og:image\" content=\"https:\/\/artestruttura.it\/wp-content\/uploads\/2022\/07\/buenos-aires-art-negozio.jpg\" \/>\n\t<meta property=\"og:image:width\" content=\"800\" \/>\n\t<meta property=\"og:image:height\" content=\"800\" \/>\n\t<meta property=\"og:image:type\" content=\"image\/jpeg\" \/>\n<meta name=\"twitter:card\" content=\"summary_large_image\" \/>\n<script type=\"application\/ld+json\" class=\"yoast-schema-graph\">{\"@context\":\"https:\\\/\\\/schema.org\",\"@graph\":[{\"@type\":\"WebPage\",\"@id\":\"https:\\\/\\\/artestruttura.it\\\/en\\\/product\\\/buenos-aires-art\\\/\",\"url\":\"https:\\\/\\\/artestruttura.it\\\/en\\\/product\\\/buenos-aires-art\\\/\",\"name\":\"\\\"BUENOS AIRES ART\\\" | Artestruttura\",\"isPartOf\":{\"@id\":\"https:\\\/\\\/artestruttura.it\\\/#website\"},\"primaryImageOfPage\":{\"@id\":\"https:\\\/\\\/artestruttura.it\\\/en\\\/product\\\/buenos-aires-art\\\/#primaryimage\"},\"image\":{\"@id\":\"https:\\\/\\\/artestruttura.it\\\/en\\\/product\\\/buenos-aires-art\\\/#primaryimage\"},\"thumbnailUrl\":\"https:\\\/\\\/artestruttura.it\\\/wp-content\\\/uploads\\\/2022\\\/07\\\/buenos-aires-art-negozio.jpg\",\"datePublished\":\"2022-07-14T09:28:59+00:00\",\"dateModified\":\"2022-12-28T19:00:30+00:00\",\"breadcrumb\":{\"@id\":\"https:\\\/\\\/artestruttura.it\\\/en\\\/product\\\/buenos-aires-art\\\/#breadcrumb\"},\"inLanguage\":\"en-GB\",\"potentialAction\":[{\"@type\":\"ReadAction\",\"target\":[\"https:\\\/\\\/artestruttura.it\\\/en\\\/product\\\/buenos-aires-art\\\/\"]}]},{\"@type\":\"ImageObject\",\"inLanguage\":\"en-GB\",\"@id\":\"https:\\\/\\\/artestruttura.it\\\/en\\\/product\\\/buenos-aires-art\\\/#primaryimage\",\"url\":\"https:\\\/\\\/artestruttura.it\\\/wp-content\\\/uploads\\\/2022\\\/07\\\/buenos-aires-art-negozio.jpg\",\"contentUrl\":\"https:\\\/\\\/artestruttura.it\\\/wp-content\\\/uploads\\\/2022\\\/07\\\/buenos-aires-art-negozio.jpg\",\"width\":800,\"height\":800,\"caption\":\"Buenos Aires Art negozio\"},{\"@type\":\"BreadcrumbList\",\"@id\":\"https:\\\/\\\/artestruttura.it\\\/en\\\/product\\\/buenos-aires-art\\\/#breadcrumb\",\"itemListElement\":[{\"@type\":\"ListItem\",\"position\":1,\"name\":\"Home\",\"item\":\"https:\\\/\\\/artestruttura.it\\\/\"},{\"@type\":\"ListItem\",\"position\":2,\"name\":\"NEGOZIO\",\"item\":\"https:\\\/\\\/artestruttura.it\\\/negozio\\\/\"},{\"@type\":\"ListItem\",\"position\":3,\"name\":\"&#8220;BUENOS AIRES ART&#8221;\"}]},{\"@type\":\"WebSite\",\"@id\":\"https:\\\/\\\/artestruttura.it\\\/#website\",\"url\":\"https:\\\/\\\/artestruttura.it\\\/\",\"name\":\"Artestruttura\",\"description\":\"servizi per l&#039;arte\",\"publisher\":{\"@id\":\"https:\\\/\\\/artestruttura.it\\\/#organization\"},\"potentialAction\":[{\"@type\":\"SearchAction\",\"target\":{\"@type\":\"EntryPoint\",\"urlTemplate\":\"https:\\\/\\\/artestruttura.it\\\/?s={search_term_string}\"},\"query-input\":{\"@type\":\"PropertyValueSpecification\",\"valueRequired\":true,\"valueName\":\"search_term_string\"}}],\"inLanguage\":\"en-GB\"},{\"@type\":\"Organization\",\"@id\":\"https:\\\/\\\/artestruttura.it\\\/#organization\",\"name\":\"Artestruttura\",\"url\":\"https:\\\/\\\/artestruttura.it\\\/\",\"logo\":{\"@type\":\"ImageObject\",\"inLanguage\":\"en-GB\",\"@id\":\"https:\\\/\\\/artestruttura.it\\\/#\\\/schema\\\/logo\\\/image\\\/\",\"url\":\"https:\\\/\\\/artestruttura.it\\\/wp-content\\\/uploads\\\/2021\\\/11\\\/logo-Artestruttura.png\",\"contentUrl\":\"https:\\\/\\\/artestruttura.it\\\/wp-content\\\/uploads\\\/2021\\\/11\\\/logo-Artestruttura.png\",\"width\":800,\"height\":800,\"caption\":\"Artestruttura\"},\"image\":{\"@id\":\"https:\\\/\\\/artestruttura.it\\\/#\\\/schema\\\/logo\\\/image\\\/\"},\"sameAs\":[\"https:\\\/\\\/www.facebook.com\\\/Artestruttura\",\"https:\\\/\\\/www.instagram.com\\\/artestruttura\",\"https:\\\/\\\/www.linkedin.com\\\/company\\\/artestruttura\"]}]}<\/script>\n<!-- \/ Yoast SEO plugin. -->","yoast_head_json":{"title":"\"BUENOS AIRES ART\" | Artestruttura","robots":{"index":"noindex","follow":"follow"},"og_locale":"en_GB","og_type":"article","og_title":"\"BUENOS AIRES ART\" | Artestruttura","og_description":"Il catalogo \"Buenos Aires Art\" raccoglie le opere e le biografie di quaranta artisti, che si propongono come un grande laboratorio della realt\u00e0, interpretata da personalit\u00e0 intente a dar forma e colore alle proprie inquietudini e ai propri interrogativi esistenziali. Il libro \u00e8 riferito all'omonimo evento espositivo, che ha avuto luogo presso l'Istituto Italiano di Cultura della capitale argentina. Coordinamento editoriale di Sonia Paolone, testo introduttivo di Vito Sutto, traduzioni in spagnolo a cura di Alicia Mannucci, Maria Jord\u00e0 e Dora Pentimalli. In copertina opera di\u00a0Adriano Bolzan.  Per maggiori informazioni, \u00e8 possibile visitare la pagina dell'evento \"Buenos Aires Art\".","og_url":"https:\/\/artestruttura.it\/en\/product\/buenos-aires-art\/","og_site_name":"Artestruttura","article_publisher":"https:\/\/www.facebook.com\/Artestruttura","article_modified_time":"2022-12-28T19:00:30+00:00","og_image":[{"width":800,"height":800,"url":"https:\/\/artestruttura.it\/wp-content\/uploads\/2022\/07\/buenos-aires-art-negozio.jpg","type":"image\/jpeg"}],"twitter_card":"summary_large_image","schema":{"@context":"https:\/\/schema.org","@graph":[{"@type":"WebPage","@id":"https:\/\/artestruttura.it\/en\/product\/buenos-aires-art\/","url":"https:\/\/artestruttura.it\/en\/product\/buenos-aires-art\/","name":"\"BUENOS AIRES ART\" | Artestruttura","isPartOf":{"@id":"https:\/\/artestruttura.it\/#website"},"primaryImageOfPage":{"@id":"https:\/\/artestruttura.it\/en\/product\/buenos-aires-art\/#primaryimage"},"image":{"@id":"https:\/\/artestruttura.it\/en\/product\/buenos-aires-art\/#primaryimage"},"thumbnailUrl":"https:\/\/artestruttura.it\/wp-content\/uploads\/2022\/07\/buenos-aires-art-negozio.jpg","datePublished":"2022-07-14T09:28:59+00:00","dateModified":"2022-12-28T19:00:30+00:00","breadcrumb":{"@id":"https:\/\/artestruttura.it\/en\/product\/buenos-aires-art\/#breadcrumb"},"inLanguage":"en-GB","potentialAction":[{"@type":"ReadAction","target":["https:\/\/artestruttura.it\/en\/product\/buenos-aires-art\/"]}]},{"@type":"ImageObject","inLanguage":"en-GB","@id":"https:\/\/artestruttura.it\/en\/product\/buenos-aires-art\/#primaryimage","url":"https:\/\/artestruttura.it\/wp-content\/uploads\/2022\/07\/buenos-aires-art-negozio.jpg","contentUrl":"https:\/\/artestruttura.it\/wp-content\/uploads\/2022\/07\/buenos-aires-art-negozio.jpg","width":800,"height":800,"caption":"Buenos Aires Art negozio"},{"@type":"BreadcrumbList","@id":"https:\/\/artestruttura.it\/en\/product\/buenos-aires-art\/#breadcrumb","itemListElement":[{"@type":"ListItem","position":1,"name":"Home","item":"https:\/\/artestruttura.it\/"},{"@type":"ListItem","position":2,"name":"NEGOZIO","item":"https:\/\/artestruttura.it\/negozio\/"},{"@type":"ListItem","position":3,"name":"&#8220;BUENOS AIRES ART&#8221;"}]},{"@type":"WebSite","@id":"https:\/\/artestruttura.it\/#website","url":"https:\/\/artestruttura.it\/","name":"Artestruttura","description":"servizi per l&#039;arte","publisher":{"@id":"https:\/\/artestruttura.it\/#organization"},"potentialAction":[{"@type":"SearchAction","target":{"@type":"EntryPoint","urlTemplate":"https:\/\/artestruttura.it\/?s={search_term_string}"},"query-input":{"@type":"PropertyValueSpecification","valueRequired":true,"valueName":"search_term_string"}}],"inLanguage":"en-GB"},{"@type":"Organization","@id":"https:\/\/artestruttura.it\/#organization","name":"Artestruttura","url":"https:\/\/artestruttura.it\/","logo":{"@type":"ImageObject","inLanguage":"en-GB","@id":"https:\/\/artestruttura.it\/#\/schema\/logo\/image\/","url":"https:\/\/artestruttura.it\/wp-content\/uploads\/2021\/11\/logo-Artestruttura.png","contentUrl":"https:\/\/artestruttura.it\/wp-content\/uploads\/2021\/11\/logo-Artestruttura.png","width":800,"height":800,"caption":"Artestruttura"},"image":{"@id":"https:\/\/artestruttura.it\/#\/schema\/logo\/image\/"},"sameAs":["https:\/\/www.facebook.com\/Artestruttura","https:\/\/www.instagram.com\/artestruttura","https:\/\/www.linkedin.com\/company\/artestruttura"]}]}},"_links":{"self":[{"href":"https:\/\/artestruttura.it\/en\/wp-json\/wp\/v2\/product\/11698","targetHints":{"allow":["GET"]}}],"collection":[{"href":"https:\/\/artestruttura.it\/en\/wp-json\/wp\/v2\/product"}],"about":[{"href":"https:\/\/artestruttura.it\/en\/wp-json\/wp\/v2\/types\/product"}],"wp:featuredmedia":[{"embeddable":true,"href":"https:\/\/artestruttura.it\/en\/wp-json\/wp\/v2\/media\/11671"}],"wp:attachment":[{"href":"https:\/\/artestruttura.it\/en\/wp-json\/wp\/v2\/media?parent=11698"}],"wp:term":[{"taxonomy":"product_brand","embeddable":true,"href":"https:\/\/artestruttura.it\/en\/wp-json\/wp\/v2\/product_brand?post=11698"},{"taxonomy":"product_cat","embeddable":true,"href":"https:\/\/artestruttura.it\/en\/wp-json\/wp\/v2\/product_cat?post=11698"},{"taxonomy":"product_tag","embeddable":true,"href":"https:\/\/artestruttura.it\/en\/wp-json\/wp\/v2\/product_tag?post=11698"}],"curies":[{"name":"wp","href":"https:\/\/api.w.org\/{rel}","templated":true}]}}