{"id":11702,"date":"2022-07-14T11:38:21","date_gmt":"2022-07-14T09:38:21","guid":{"rendered":"https:\/\/artestruttura.it\/?post_type=product&#038;p=11702"},"modified":"2022-12-28T20:55:29","modified_gmt":"2022-12-28T18:55:29","slug":"che-dici-toto","status":"publish","type":"product","link":"https:\/\/artestruttura.it\/en\/product\/che-dici-toto\/","title":{"rendered":"&#8220;CHE DICI TOT\u00d2?&#8221;"},"content":{"rendered":"","protected":false},"excerpt":{"rendered":"<p>This is the catalogue of the exhibition held in the splendid setting of Castel dell'Ovo in Naples and dedicated to Tot\u00f2, the genius of the gag but also an icon of an Italy that, having left the war behind and in the midst of an economic boom, enjoyed watching his films and listening to his unsettling and surreal jokes. About one hundred artists, including students from the Academy of Fine Arts, pay homage to the \"prince\" of comedy through painting, photography, sculpture, ceramics, design, installations and digital art. An interesting comparison of techniques, materials, styles and inspirational movements. Intriguing and full of ideas, the book is dedicated to the many who love the great Tot\u00f2 and wish to remember him through the works of contemporary artists.<\/p>\n<p class=\"translation-block\">For more information, you can visit the event page <a href=\"https:\/\/artestruttura.it\/en\/che-dici-toto\/\" target=\"_blank\" rel=\"noopener\"><strong>\u201cChe dici Tot\u00f2?\u201d<\/strong><\/a>.<\/p>","protected":false},"featured_media":11672,"template":"","meta":{"site-sidebar-layout":"no-sidebar","site-content-layout":"page-builder","ast-site-content-layout":"default","site-content-style":"default","site-sidebar-style":"default","ast-global-header-display":"","ast-banner-title-visibility":"","ast-main-header-display":"","ast-hfb-above-header-display":"","ast-hfb-below-header-display":"","ast-hfb-mobile-header-display":"","site-post-title":"","ast-breadcrumbs-content":"","ast-featured-img":"","footer-sml-layout":"","ast-disable-related-posts":"","theme-transparent-header-meta":"default","adv-header-id-meta":"","stick-header-meta":"","header-above-stick-meta":"","header-main-stick-meta":"","header-below-stick-meta":"","astra-migrate-meta-layouts":"default","ast-page-background-enabled":"default","ast-page-background-meta":{"desktop":{"background-color":"var(--ast-global-color-4)","background-image":"","background-repeat":"repeat","background-position":"center center","background-size":"auto","background-attachment":"scroll","background-type":"","background-media":"","overlay-type":"","overlay-color":"","overlay-opacity":"","overlay-gradient":""},"tablet":{"background-color":"","background-image":"","background-repeat":"repeat","background-position":"center center","background-size":"auto","background-attachment":"scroll","background-type":"","background-media":"","overlay-type":"","overlay-color":"","overlay-opacity":"","overlay-gradient":""},"mobile":{"background-color":"","background-image":"","background-repeat":"repeat","background-position":"center center","background-size":"auto","background-attachment":"scroll","background-type":"","background-media":"","overlay-type":"","overlay-color":"","overlay-opacity":"","overlay-gradient":""}},"ast-content-background-meta":{"desktop":{"background-color":"var(--ast-global-color-5)","background-image":"","background-repeat":"repeat","background-position":"center center","background-size":"auto","background-attachment":"scroll","background-type":"","background-media":"","overlay-type":"","overlay-color":"","overlay-opacity":"","overlay-gradient":""},"tablet":{"background-color":"var(--ast-global-color-5)","background-image":"","background-repeat":"repeat","background-position":"center center","background-size":"auto","background-attachment":"scroll","background-type":"","background-media":"","overlay-type":"","overlay-color":"","overlay-opacity":"","overlay-gradient":""},"mobile":{"background-color":"var(--ast-global-color-5)","background-image":"","background-repeat":"repeat","background-position":"center center","background-size":"auto","background-attachment":"scroll","background-type":"","background-media":"","overlay-type":"","overlay-color":"","overlay-opacity":"","overlay-gradient":""}}},"product_brand":[],"product_cat":[50],"product_tag":[],"class_list":{"0":"post-11702","1":"product","2":"type-product","3":"status-publish","4":"has-post-thumbnail","6":"product_cat-cataloghi-darte-3","7":"desktop-align-left","8":"tablet-align-left","9":"mobile-align-left","11":"first","12":"instock","13":"taxable","14":"shipping-taxable","15":"purchasable","16":"product-type-simple"},"yoast_head":"<!-- This site is optimized with the Yoast SEO plugin v27.3 - https:\/\/yoast.com\/product\/yoast-seo-wordpress\/ -->\n<title>&quot;CHE DICI TOT\u00d2?&quot; | Artestruttura<\/title>\n<meta name=\"robots\" content=\"noindex, follow\" \/>\n<meta property=\"og:locale\" content=\"en_GB\" \/>\n<meta property=\"og:type\" content=\"article\" \/>\n<meta property=\"og:title\" content=\"&quot;CHE DICI TOT\u00d2?&quot; | Artestruttura\" \/>\n<meta property=\"og:description\" content=\"\u00c8 il catalogo della mostra svoltasi nella splendida cornice di Castel dell\u2019Ovo a Napoli e dedicata a Tot\u00f2, genio della gag ma anche icona di un\u2019Italia che, lasciata alle spalle la guerra e in pieno boom economico, si divertiva guardando i suoi film e ascoltando le sue battute spiazzanti e surreali. Un centinaio di artisti, tra cui studenti dell\u2019Accademia di belle arti, rendono omaggio al \u201cprincipe\u201d della comicit\u00e0 tra pittura, fotografia, scultura, ceramica, design, installazioni e digital art. Un interessante confronto fra tecniche, materiali, stili e movimenti ispiratori. Intrigante e ricco di spunti, il libro \u00e8 dedicato ai tantissimi che amano il grande Tot\u00f2 e che desiderano ricordarlo attraverso le opere degli artisti contemporanei.  Per maggiori informazioni, \u00e8 possibile visitare la pagina dell&#039;evento &quot;Che dici Tot\u00f2?&quot;.\" \/>\n<meta property=\"og:url\" content=\"https:\/\/artestruttura.it\/en\/product\/che-dici-toto\/\" \/>\n<meta property=\"og:site_name\" content=\"Artestruttura\" \/>\n<meta property=\"article:publisher\" content=\"https:\/\/www.facebook.com\/Artestruttura\" \/>\n<meta property=\"article:modified_time\" content=\"2022-12-28T18:55:29+00:00\" \/>\n<meta property=\"og:image\" content=\"https:\/\/artestruttura.it\/wp-content\/uploads\/2022\/07\/che-dici-toto-negozio.jpg\" \/>\n\t<meta property=\"og:image:width\" content=\"800\" \/>\n\t<meta property=\"og:image:height\" content=\"800\" \/>\n\t<meta property=\"og:image:type\" content=\"image\/jpeg\" \/>\n<meta name=\"twitter:card\" content=\"summary_large_image\" \/>\n<script type=\"application\/ld+json\" class=\"yoast-schema-graph\">{\"@context\":\"https:\\\/\\\/schema.org\",\"@graph\":[{\"@type\":\"WebPage\",\"@id\":\"https:\\\/\\\/artestruttura.it\\\/prodotto\\\/che-dici-toto\\\/\",\"url\":\"https:\\\/\\\/artestruttura.it\\\/prodotto\\\/che-dici-toto\\\/\",\"name\":\"\\\"CHE DICI TOT\u00d2?\\\" | Artestruttura\",\"isPartOf\":{\"@id\":\"https:\\\/\\\/artestruttura.it\\\/#website\"},\"primaryImageOfPage\":{\"@id\":\"https:\\\/\\\/artestruttura.it\\\/prodotto\\\/che-dici-toto\\\/#primaryimage\"},\"image\":{\"@id\":\"https:\\\/\\\/artestruttura.it\\\/prodotto\\\/che-dici-toto\\\/#primaryimage\"},\"thumbnailUrl\":\"https:\\\/\\\/artestruttura.it\\\/wp-content\\\/uploads\\\/2022\\\/07\\\/che-dici-toto-negozio.jpg\",\"datePublished\":\"2022-07-14T09:38:21+00:00\",\"dateModified\":\"2022-12-28T18:55:29+00:00\",\"breadcrumb\":{\"@id\":\"https:\\\/\\\/artestruttura.it\\\/prodotto\\\/che-dici-toto\\\/#breadcrumb\"},\"inLanguage\":\"en-GB\",\"potentialAction\":[{\"@type\":\"ReadAction\",\"target\":[\"https:\\\/\\\/artestruttura.it\\\/prodotto\\\/che-dici-toto\\\/\"]}]},{\"@type\":\"ImageObject\",\"inLanguage\":\"en-GB\",\"@id\":\"https:\\\/\\\/artestruttura.it\\\/prodotto\\\/che-dici-toto\\\/#primaryimage\",\"url\":\"https:\\\/\\\/artestruttura.it\\\/wp-content\\\/uploads\\\/2022\\\/07\\\/che-dici-toto-negozio.jpg\",\"contentUrl\":\"https:\\\/\\\/artestruttura.it\\\/wp-content\\\/uploads\\\/2022\\\/07\\\/che-dici-toto-negozio.jpg\",\"width\":800,\"height\":800,\"caption\":\"Che dici Tot\u00f2 negozio\"},{\"@type\":\"BreadcrumbList\",\"@id\":\"https:\\\/\\\/artestruttura.it\\\/prodotto\\\/che-dici-toto\\\/#breadcrumb\",\"itemListElement\":[{\"@type\":\"ListItem\",\"position\":1,\"name\":\"Home\",\"item\":\"https:\\\/\\\/artestruttura.it\\\/\"},{\"@type\":\"ListItem\",\"position\":2,\"name\":\"NEGOZIO\",\"item\":\"https:\\\/\\\/artestruttura.it\\\/negozio\\\/\"},{\"@type\":\"ListItem\",\"position\":3,\"name\":\"&#8220;CHE DICI TOT\u00d2?&#8221;\"}]},{\"@type\":\"WebSite\",\"@id\":\"https:\\\/\\\/artestruttura.it\\\/#website\",\"url\":\"https:\\\/\\\/artestruttura.it\\\/\",\"name\":\"Artestruttura\",\"description\":\"servizi per l&#039;arte\",\"publisher\":{\"@id\":\"https:\\\/\\\/artestruttura.it\\\/#organization\"},\"potentialAction\":[{\"@type\":\"SearchAction\",\"target\":{\"@type\":\"EntryPoint\",\"urlTemplate\":\"https:\\\/\\\/artestruttura.it\\\/?s={search_term_string}\"},\"query-input\":{\"@type\":\"PropertyValueSpecification\",\"valueRequired\":true,\"valueName\":\"search_term_string\"}}],\"inLanguage\":\"en-GB\"},{\"@type\":\"Organization\",\"@id\":\"https:\\\/\\\/artestruttura.it\\\/#organization\",\"name\":\"Artestruttura\",\"url\":\"https:\\\/\\\/artestruttura.it\\\/\",\"logo\":{\"@type\":\"ImageObject\",\"inLanguage\":\"en-GB\",\"@id\":\"https:\\\/\\\/artestruttura.it\\\/#\\\/schema\\\/logo\\\/image\\\/\",\"url\":\"https:\\\/\\\/artestruttura.it\\\/wp-content\\\/uploads\\\/2021\\\/11\\\/logo-Artestruttura.png\",\"contentUrl\":\"https:\\\/\\\/artestruttura.it\\\/wp-content\\\/uploads\\\/2021\\\/11\\\/logo-Artestruttura.png\",\"width\":800,\"height\":800,\"caption\":\"Artestruttura\"},\"image\":{\"@id\":\"https:\\\/\\\/artestruttura.it\\\/#\\\/schema\\\/logo\\\/image\\\/\"},\"sameAs\":[\"https:\\\/\\\/www.facebook.com\\\/Artestruttura\",\"https:\\\/\\\/www.instagram.com\\\/artestruttura\",\"https:\\\/\\\/www.linkedin.com\\\/company\\\/artestruttura\"]}]}<\/script>\n<!-- \/ Yoast SEO plugin. -->","yoast_head_json":{"title":"\"CHE DICI TOT\u00d2?\" | Artestruttura","robots":{"index":"noindex","follow":"follow"},"og_locale":"en_GB","og_type":"article","og_title":"\"CHE DICI TOT\u00d2?\" | Artestruttura","og_description":"\u00c8 il catalogo della mostra svoltasi nella splendida cornice di Castel dell\u2019Ovo a Napoli e dedicata a Tot\u00f2, genio della gag ma anche icona di un\u2019Italia che, lasciata alle spalle la guerra e in pieno boom economico, si divertiva guardando i suoi film e ascoltando le sue battute spiazzanti e surreali. Un centinaio di artisti, tra cui studenti dell\u2019Accademia di belle arti, rendono omaggio al \u201cprincipe\u201d della comicit\u00e0 tra pittura, fotografia, scultura, ceramica, design, installazioni e digital art. Un interessante confronto fra tecniche, materiali, stili e movimenti ispiratori. Intrigante e ricco di spunti, il libro \u00e8 dedicato ai tantissimi che amano il grande Tot\u00f2 e che desiderano ricordarlo attraverso le opere degli artisti contemporanei.  Per maggiori informazioni, \u00e8 possibile visitare la pagina dell'evento \"Che dici Tot\u00f2?\".","og_url":"https:\/\/artestruttura.it\/en\/product\/che-dici-toto\/","og_site_name":"Artestruttura","article_publisher":"https:\/\/www.facebook.com\/Artestruttura","article_modified_time":"2022-12-28T18:55:29+00:00","og_image":[{"width":800,"height":800,"url":"https:\/\/artestruttura.it\/wp-content\/uploads\/2022\/07\/che-dici-toto-negozio.jpg","type":"image\/jpeg"}],"twitter_card":"summary_large_image","schema":{"@context":"https:\/\/schema.org","@graph":[{"@type":"WebPage","@id":"https:\/\/artestruttura.it\/prodotto\/che-dici-toto\/","url":"https:\/\/artestruttura.it\/prodotto\/che-dici-toto\/","name":"\"CHE DICI TOT\u00d2?\" | Artestruttura","isPartOf":{"@id":"https:\/\/artestruttura.it\/#website"},"primaryImageOfPage":{"@id":"https:\/\/artestruttura.it\/prodotto\/che-dici-toto\/#primaryimage"},"image":{"@id":"https:\/\/artestruttura.it\/prodotto\/che-dici-toto\/#primaryimage"},"thumbnailUrl":"https:\/\/artestruttura.it\/wp-content\/uploads\/2022\/07\/che-dici-toto-negozio.jpg","datePublished":"2022-07-14T09:38:21+00:00","dateModified":"2022-12-28T18:55:29+00:00","breadcrumb":{"@id":"https:\/\/artestruttura.it\/prodotto\/che-dici-toto\/#breadcrumb"},"inLanguage":"en-GB","potentialAction":[{"@type":"ReadAction","target":["https:\/\/artestruttura.it\/prodotto\/che-dici-toto\/"]}]},{"@type":"ImageObject","inLanguage":"en-GB","@id":"https:\/\/artestruttura.it\/prodotto\/che-dici-toto\/#primaryimage","url":"https:\/\/artestruttura.it\/wp-content\/uploads\/2022\/07\/che-dici-toto-negozio.jpg","contentUrl":"https:\/\/artestruttura.it\/wp-content\/uploads\/2022\/07\/che-dici-toto-negozio.jpg","width":800,"height":800,"caption":"Che dici Tot\u00f2 negozio"},{"@type":"BreadcrumbList","@id":"https:\/\/artestruttura.it\/prodotto\/che-dici-toto\/#breadcrumb","itemListElement":[{"@type":"ListItem","position":1,"name":"Home","item":"https:\/\/artestruttura.it\/"},{"@type":"ListItem","position":2,"name":"NEGOZIO","item":"https:\/\/artestruttura.it\/negozio\/"},{"@type":"ListItem","position":3,"name":"&#8220;CHE DICI TOT\u00d2?&#8221;"}]},{"@type":"WebSite","@id":"https:\/\/artestruttura.it\/#website","url":"https:\/\/artestruttura.it\/","name":"Artestruttura","description":"servizi per l&#039;arte","publisher":{"@id":"https:\/\/artestruttura.it\/#organization"},"potentialAction":[{"@type":"SearchAction","target":{"@type":"EntryPoint","urlTemplate":"https:\/\/artestruttura.it\/?s={search_term_string}"},"query-input":{"@type":"PropertyValueSpecification","valueRequired":true,"valueName":"search_term_string"}}],"inLanguage":"en-GB"},{"@type":"Organization","@id":"https:\/\/artestruttura.it\/#organization","name":"Artestruttura","url":"https:\/\/artestruttura.it\/","logo":{"@type":"ImageObject","inLanguage":"en-GB","@id":"https:\/\/artestruttura.it\/#\/schema\/logo\/image\/","url":"https:\/\/artestruttura.it\/wp-content\/uploads\/2021\/11\/logo-Artestruttura.png","contentUrl":"https:\/\/artestruttura.it\/wp-content\/uploads\/2021\/11\/logo-Artestruttura.png","width":800,"height":800,"caption":"Artestruttura"},"image":{"@id":"https:\/\/artestruttura.it\/#\/schema\/logo\/image\/"},"sameAs":["https:\/\/www.facebook.com\/Artestruttura","https:\/\/www.instagram.com\/artestruttura","https:\/\/www.linkedin.com\/company\/artestruttura"]}]}},"_links":{"self":[{"href":"https:\/\/artestruttura.it\/en\/wp-json\/wp\/v2\/product\/11702","targetHints":{"allow":["GET"]}}],"collection":[{"href":"https:\/\/artestruttura.it\/en\/wp-json\/wp\/v2\/product"}],"about":[{"href":"https:\/\/artestruttura.it\/en\/wp-json\/wp\/v2\/types\/product"}],"wp:featuredmedia":[{"embeddable":true,"href":"https:\/\/artestruttura.it\/en\/wp-json\/wp\/v2\/media\/11672"}],"wp:attachment":[{"href":"https:\/\/artestruttura.it\/en\/wp-json\/wp\/v2\/media?parent=11702"}],"wp:term":[{"taxonomy":"product_brand","embeddable":true,"href":"https:\/\/artestruttura.it\/en\/wp-json\/wp\/v2\/product_brand?post=11702"},{"taxonomy":"product_cat","embeddable":true,"href":"https:\/\/artestruttura.it\/en\/wp-json\/wp\/v2\/product_cat?post=11702"},{"taxonomy":"product_tag","embeddable":true,"href":"https:\/\/artestruttura.it\/en\/wp-json\/wp\/v2\/product_tag?post=11702"}],"curies":[{"name":"wp","href":"https:\/\/api.w.org\/{rel}","templated":true}]}}