{"id":11713,"date":"2022-07-14T12:14:18","date_gmt":"2022-07-14T10:14:18","guid":{"rendered":"https:\/\/artestruttura.it\/?post_type=product&#038;p=11713"},"modified":"2022-12-28T20:50:14","modified_gmt":"2022-12-28T18:50:14","slug":"art-istanbul-2018","status":"publish","type":"product","link":"https:\/\/artestruttura.it\/en\/product\/art-istanbul-2018\/","title":{"rendered":"&#8220;ART ISTANBUL&#8221; | 2018"},"content":{"rendered":"","protected":false},"excerpt":{"rendered":"<p>In this catalogue published by Editoriale Giorgio Mondadori, more than sixty artists are presented, who compare painting, sculpture and graphics in a wide variety of artistic influences. The works published were hosted at the Asmal\u0131mescit Sanat Galerisi and the T\u00fcyap Sanat Fuari - Art Fair, a major international contemporary art exhibition. The critical text was produced by Leo Strozzieri, editorial coordination is by Sonia Paolone, and English translations are by Andrea Lodolo. On the cover and back cover works by Giancarlo Caneva.<\/p>\n<p class=\"translation-block\">For more information, you can visit the event page <a href=\"https:\/\/artestruttura.it\/en\/art-istanbul-2\/\" target=\"_blank\" rel=\"noopener\"><strong>\u201cArt Istanbul\u201d<\/strong><\/a>.<\/p>","protected":false},"featured_media":11653,"template":"","meta":{"site-sidebar-layout":"no-sidebar","site-content-layout":"page-builder","ast-site-content-layout":"default","site-content-style":"default","site-sidebar-style":"default","ast-global-header-display":"","ast-banner-title-visibility":"","ast-main-header-display":"","ast-hfb-above-header-display":"","ast-hfb-below-header-display":"","ast-hfb-mobile-header-display":"","site-post-title":"","ast-breadcrumbs-content":"","ast-featured-img":"","footer-sml-layout":"","ast-disable-related-posts":"","theme-transparent-header-meta":"default","adv-header-id-meta":"","stick-header-meta":"","header-above-stick-meta":"","header-main-stick-meta":"","header-below-stick-meta":"","astra-migrate-meta-layouts":"default","ast-page-background-enabled":"default","ast-page-background-meta":{"desktop":{"background-color":"var(--ast-global-color-4)","background-image":"","background-repeat":"repeat","background-position":"center center","background-size":"auto","background-attachment":"scroll","background-type":"","background-media":"","overlay-type":"","overlay-color":"","overlay-opacity":"","overlay-gradient":""},"tablet":{"background-color":"","background-image":"","background-repeat":"repeat","background-position":"center center","background-size":"auto","background-attachment":"scroll","background-type":"","background-media":"","overlay-type":"","overlay-color":"","overlay-opacity":"","overlay-gradient":""},"mobile":{"background-color":"","background-image":"","background-repeat":"repeat","background-position":"center center","background-size":"auto","background-attachment":"scroll","background-type":"","background-media":"","overlay-type":"","overlay-color":"","overlay-opacity":"","overlay-gradient":""}},"ast-content-background-meta":{"desktop":{"background-color":"var(--ast-global-color-5)","background-image":"","background-repeat":"repeat","background-position":"center center","background-size":"auto","background-attachment":"scroll","background-type":"","background-media":"","overlay-type":"","overlay-color":"","overlay-opacity":"","overlay-gradient":""},"tablet":{"background-color":"var(--ast-global-color-5)","background-image":"","background-repeat":"repeat","background-position":"center center","background-size":"auto","background-attachment":"scroll","background-type":"","background-media":"","overlay-type":"","overlay-color":"","overlay-opacity":"","overlay-gradient":""},"mobile":{"background-color":"var(--ast-global-color-5)","background-image":"","background-repeat":"repeat","background-position":"center center","background-size":"auto","background-attachment":"scroll","background-type":"","background-media":"","overlay-type":"","overlay-color":"","overlay-opacity":"","overlay-gradient":""}}},"product_brand":[],"product_cat":[52],"product_tag":[],"class_list":{"0":"post-11713","1":"product","2":"type-product","3":"status-publish","4":"has-post-thumbnail","6":"product_cat-cataloghi-darte-5","7":"desktop-align-left","8":"tablet-align-left","9":"mobile-align-left","11":"first","12":"instock","13":"taxable","14":"shipping-taxable","15":"purchasable","16":"product-type-simple"},"yoast_head":"<!-- This site is optimized with the Yoast SEO plugin v27.3 - https:\/\/yoast.com\/product\/yoast-seo-wordpress\/ -->\n<title>&quot;ART ISTANBUL&quot; | 2018 | Artestruttura<\/title>\n<meta name=\"robots\" content=\"noindex, follow\" \/>\n<meta property=\"og:locale\" content=\"en_GB\" \/>\n<meta property=\"og:type\" content=\"article\" \/>\n<meta property=\"og:title\" content=\"&quot;ART ISTANBUL&quot; | 2018 | Artestruttura\" \/>\n<meta property=\"og:description\" content=\"In questo catalogo Editoriale Giorgio Mondadori vengono presentati oltre sessanta artisti, che si confrontano tra pittura, scultura e grafica in una grande variet\u00e0 di indirizzi e influenze artistiche. Le opere pubblicate sono state ospitate presso la Asmal\u0131mescit Sanat Galerisi e la T\u00fcyap Sanat Fuari \u2013 Art Fair, importante mostra internazionale d\u2019arte contemporanea. Il testo critico \u00e8 stato prodotto da Leo Strozzieri, il coordinamento editoriale \u00e8 di Sonia Paolone, e le traduzioni in inglese sono a cura di Andrea Lodolo. In copertina e retro copertina opere di\u00a0Giancarlo Caneva.  Per maggiori informazioni, \u00e8 possibile visitare la pagina dell&#039;evento &quot;Art Istanbul&quot;.\" \/>\n<meta property=\"og:url\" content=\"https:\/\/artestruttura.it\/en\/product\/art-istanbul-2018\/\" \/>\n<meta property=\"og:site_name\" content=\"Artestruttura\" \/>\n<meta property=\"article:publisher\" content=\"https:\/\/www.facebook.com\/Artestruttura\" \/>\n<meta property=\"article:modified_time\" content=\"2022-12-28T18:50:14+00:00\" \/>\n<meta property=\"og:image\" content=\"https:\/\/artestruttura.it\/wp-content\/uploads\/2022\/07\/art-istanbul-2018-negozio.jpg\" \/>\n\t<meta property=\"og:image:width\" content=\"800\" \/>\n\t<meta property=\"og:image:height\" content=\"800\" \/>\n\t<meta property=\"og:image:type\" content=\"image\/jpeg\" \/>\n<meta name=\"twitter:card\" content=\"summary_large_image\" \/>\n<script type=\"application\/ld+json\" class=\"yoast-schema-graph\">{\"@context\":\"https:\\\/\\\/schema.org\",\"@graph\":[{\"@type\":\"WebPage\",\"@id\":\"https:\\\/\\\/artestruttura.it\\\/prodotto\\\/art-istanbul-2018\\\/\",\"url\":\"https:\\\/\\\/artestruttura.it\\\/prodotto\\\/art-istanbul-2018\\\/\",\"name\":\"\\\"ART ISTANBUL\\\" | 2018 | Artestruttura\",\"isPartOf\":{\"@id\":\"https:\\\/\\\/artestruttura.it\\\/#website\"},\"primaryImageOfPage\":{\"@id\":\"https:\\\/\\\/artestruttura.it\\\/prodotto\\\/art-istanbul-2018\\\/#primaryimage\"},\"image\":{\"@id\":\"https:\\\/\\\/artestruttura.it\\\/prodotto\\\/art-istanbul-2018\\\/#primaryimage\"},\"thumbnailUrl\":\"https:\\\/\\\/artestruttura.it\\\/wp-content\\\/uploads\\\/2022\\\/07\\\/art-istanbul-2018-negozio.jpg\",\"datePublished\":\"2022-07-14T10:14:18+00:00\",\"dateModified\":\"2022-12-28T18:50:14+00:00\",\"breadcrumb\":{\"@id\":\"https:\\\/\\\/artestruttura.it\\\/prodotto\\\/art-istanbul-2018\\\/#breadcrumb\"},\"inLanguage\":\"en-GB\",\"potentialAction\":[{\"@type\":\"ReadAction\",\"target\":[\"https:\\\/\\\/artestruttura.it\\\/prodotto\\\/art-istanbul-2018\\\/\"]}]},{\"@type\":\"ImageObject\",\"inLanguage\":\"en-GB\",\"@id\":\"https:\\\/\\\/artestruttura.it\\\/prodotto\\\/art-istanbul-2018\\\/#primaryimage\",\"url\":\"https:\\\/\\\/artestruttura.it\\\/wp-content\\\/uploads\\\/2022\\\/07\\\/art-istanbul-2018-negozio.jpg\",\"contentUrl\":\"https:\\\/\\\/artestruttura.it\\\/wp-content\\\/uploads\\\/2022\\\/07\\\/art-istanbul-2018-negozio.jpg\",\"width\":800,\"height\":800,\"caption\":\"Art Istanbul 2018 negozio\"},{\"@type\":\"BreadcrumbList\",\"@id\":\"https:\\\/\\\/artestruttura.it\\\/prodotto\\\/art-istanbul-2018\\\/#breadcrumb\",\"itemListElement\":[{\"@type\":\"ListItem\",\"position\":1,\"name\":\"Home\",\"item\":\"https:\\\/\\\/artestruttura.it\\\/\"},{\"@type\":\"ListItem\",\"position\":2,\"name\":\"NEGOZIO\",\"item\":\"https:\\\/\\\/artestruttura.it\\\/negozio\\\/\"},{\"@type\":\"ListItem\",\"position\":3,\"name\":\"&#8220;ART ISTANBUL&#8221; | 2018\"}]},{\"@type\":\"WebSite\",\"@id\":\"https:\\\/\\\/artestruttura.it\\\/#website\",\"url\":\"https:\\\/\\\/artestruttura.it\\\/\",\"name\":\"Artestruttura\",\"description\":\"servizi per l&#039;arte\",\"publisher\":{\"@id\":\"https:\\\/\\\/artestruttura.it\\\/#organization\"},\"potentialAction\":[{\"@type\":\"SearchAction\",\"target\":{\"@type\":\"EntryPoint\",\"urlTemplate\":\"https:\\\/\\\/artestruttura.it\\\/?s={search_term_string}\"},\"query-input\":{\"@type\":\"PropertyValueSpecification\",\"valueRequired\":true,\"valueName\":\"search_term_string\"}}],\"inLanguage\":\"en-GB\"},{\"@type\":\"Organization\",\"@id\":\"https:\\\/\\\/artestruttura.it\\\/#organization\",\"name\":\"Artestruttura\",\"url\":\"https:\\\/\\\/artestruttura.it\\\/\",\"logo\":{\"@type\":\"ImageObject\",\"inLanguage\":\"en-GB\",\"@id\":\"https:\\\/\\\/artestruttura.it\\\/#\\\/schema\\\/logo\\\/image\\\/\",\"url\":\"https:\\\/\\\/artestruttura.it\\\/wp-content\\\/uploads\\\/2021\\\/11\\\/logo-Artestruttura.png\",\"contentUrl\":\"https:\\\/\\\/artestruttura.it\\\/wp-content\\\/uploads\\\/2021\\\/11\\\/logo-Artestruttura.png\",\"width\":800,\"height\":800,\"caption\":\"Artestruttura\"},\"image\":{\"@id\":\"https:\\\/\\\/artestruttura.it\\\/#\\\/schema\\\/logo\\\/image\\\/\"},\"sameAs\":[\"https:\\\/\\\/www.facebook.com\\\/Artestruttura\",\"https:\\\/\\\/www.instagram.com\\\/artestruttura\",\"https:\\\/\\\/www.linkedin.com\\\/company\\\/artestruttura\"]}]}<\/script>\n<!-- \/ Yoast SEO plugin. -->","yoast_head_json":{"title":"\"ART ISTANBUL\" | 2018 | Artestruttura","robots":{"index":"noindex","follow":"follow"},"og_locale":"en_GB","og_type":"article","og_title":"\"ART ISTANBUL\" | 2018 | Artestruttura","og_description":"In questo catalogo Editoriale Giorgio Mondadori vengono presentati oltre sessanta artisti, che si confrontano tra pittura, scultura e grafica in una grande variet\u00e0 di indirizzi e influenze artistiche. Le opere pubblicate sono state ospitate presso la Asmal\u0131mescit Sanat Galerisi e la T\u00fcyap Sanat Fuari \u2013 Art Fair, importante mostra internazionale d\u2019arte contemporanea. Il testo critico \u00e8 stato prodotto da Leo Strozzieri, il coordinamento editoriale \u00e8 di Sonia Paolone, e le traduzioni in inglese sono a cura di Andrea Lodolo. In copertina e retro copertina opere di\u00a0Giancarlo Caneva.  Per maggiori informazioni, \u00e8 possibile visitare la pagina dell'evento \"Art Istanbul\".","og_url":"https:\/\/artestruttura.it\/en\/product\/art-istanbul-2018\/","og_site_name":"Artestruttura","article_publisher":"https:\/\/www.facebook.com\/Artestruttura","article_modified_time":"2022-12-28T18:50:14+00:00","og_image":[{"width":800,"height":800,"url":"https:\/\/artestruttura.it\/wp-content\/uploads\/2022\/07\/art-istanbul-2018-negozio.jpg","type":"image\/jpeg"}],"twitter_card":"summary_large_image","schema":{"@context":"https:\/\/schema.org","@graph":[{"@type":"WebPage","@id":"https:\/\/artestruttura.it\/prodotto\/art-istanbul-2018\/","url":"https:\/\/artestruttura.it\/prodotto\/art-istanbul-2018\/","name":"\"ART ISTANBUL\" | 2018 | Artestruttura","isPartOf":{"@id":"https:\/\/artestruttura.it\/#website"},"primaryImageOfPage":{"@id":"https:\/\/artestruttura.it\/prodotto\/art-istanbul-2018\/#primaryimage"},"image":{"@id":"https:\/\/artestruttura.it\/prodotto\/art-istanbul-2018\/#primaryimage"},"thumbnailUrl":"https:\/\/artestruttura.it\/wp-content\/uploads\/2022\/07\/art-istanbul-2018-negozio.jpg","datePublished":"2022-07-14T10:14:18+00:00","dateModified":"2022-12-28T18:50:14+00:00","breadcrumb":{"@id":"https:\/\/artestruttura.it\/prodotto\/art-istanbul-2018\/#breadcrumb"},"inLanguage":"en-GB","potentialAction":[{"@type":"ReadAction","target":["https:\/\/artestruttura.it\/prodotto\/art-istanbul-2018\/"]}]},{"@type":"ImageObject","inLanguage":"en-GB","@id":"https:\/\/artestruttura.it\/prodotto\/art-istanbul-2018\/#primaryimage","url":"https:\/\/artestruttura.it\/wp-content\/uploads\/2022\/07\/art-istanbul-2018-negozio.jpg","contentUrl":"https:\/\/artestruttura.it\/wp-content\/uploads\/2022\/07\/art-istanbul-2018-negozio.jpg","width":800,"height":800,"caption":"Art Istanbul 2018 negozio"},{"@type":"BreadcrumbList","@id":"https:\/\/artestruttura.it\/prodotto\/art-istanbul-2018\/#breadcrumb","itemListElement":[{"@type":"ListItem","position":1,"name":"Home","item":"https:\/\/artestruttura.it\/"},{"@type":"ListItem","position":2,"name":"NEGOZIO","item":"https:\/\/artestruttura.it\/negozio\/"},{"@type":"ListItem","position":3,"name":"&#8220;ART ISTANBUL&#8221; | 2018"}]},{"@type":"WebSite","@id":"https:\/\/artestruttura.it\/#website","url":"https:\/\/artestruttura.it\/","name":"Artestruttura","description":"servizi per l&#039;arte","publisher":{"@id":"https:\/\/artestruttura.it\/#organization"},"potentialAction":[{"@type":"SearchAction","target":{"@type":"EntryPoint","urlTemplate":"https:\/\/artestruttura.it\/?s={search_term_string}"},"query-input":{"@type":"PropertyValueSpecification","valueRequired":true,"valueName":"search_term_string"}}],"inLanguage":"en-GB"},{"@type":"Organization","@id":"https:\/\/artestruttura.it\/#organization","name":"Artestruttura","url":"https:\/\/artestruttura.it\/","logo":{"@type":"ImageObject","inLanguage":"en-GB","@id":"https:\/\/artestruttura.it\/#\/schema\/logo\/image\/","url":"https:\/\/artestruttura.it\/wp-content\/uploads\/2021\/11\/logo-Artestruttura.png","contentUrl":"https:\/\/artestruttura.it\/wp-content\/uploads\/2021\/11\/logo-Artestruttura.png","width":800,"height":800,"caption":"Artestruttura"},"image":{"@id":"https:\/\/artestruttura.it\/#\/schema\/logo\/image\/"},"sameAs":["https:\/\/www.facebook.com\/Artestruttura","https:\/\/www.instagram.com\/artestruttura","https:\/\/www.linkedin.com\/company\/artestruttura"]}]}},"_links":{"self":[{"href":"https:\/\/artestruttura.it\/en\/wp-json\/wp\/v2\/product\/11713","targetHints":{"allow":["GET"]}}],"collection":[{"href":"https:\/\/artestruttura.it\/en\/wp-json\/wp\/v2\/product"}],"about":[{"href":"https:\/\/artestruttura.it\/en\/wp-json\/wp\/v2\/types\/product"}],"wp:featuredmedia":[{"embeddable":true,"href":"https:\/\/artestruttura.it\/en\/wp-json\/wp\/v2\/media\/11653"}],"wp:attachment":[{"href":"https:\/\/artestruttura.it\/en\/wp-json\/wp\/v2\/media?parent=11713"}],"wp:term":[{"taxonomy":"product_brand","embeddable":true,"href":"https:\/\/artestruttura.it\/en\/wp-json\/wp\/v2\/product_brand?post=11713"},{"taxonomy":"product_cat","embeddable":true,"href":"https:\/\/artestruttura.it\/en\/wp-json\/wp\/v2\/product_cat?post=11713"},{"taxonomy":"product_tag","embeddable":true,"href":"https:\/\/artestruttura.it\/en\/wp-json\/wp\/v2\/product_tag?post=11713"}],"curies":[{"name":"wp","href":"https:\/\/api.w.org\/{rel}","templated":true}]}}